{"id":719,"date":"2026-04-21T10:39:31","date_gmt":"2026-04-21T10:39:31","guid":{"rendered":"https:\/\/natrusky.cat\/aviso-legal\/"},"modified":"2026-04-23T07:45:47","modified_gmt":"2026-04-23T07:45:47","slug":"aviso-legal","status":"publish","type":"page","link":"https:\/\/natrusky.cat\/es\/aviso-legal\/","title":{"rendered":"Aviso legal"},"content":{"rendered":"[vc_row type=\u00bbin_container\u00bb full_screen_row_position=\u00bbmiddle\u00bb column_margin=\u00bbdefault\u00bb column_direction=\u00bbdefault\u00bb column_direction_tablet=\u00bbdefault\u00bb column_direction_phone=\u00bbdefault\u00bb scene_position=\u00bbcenter\u00bb text_color=\u00bbdark\u00bb text_align=\u00bbleft\u00bb row_border_radius=\u00bbnone\u00bb row_border_radius_applies=\u00bbbg\u00bb row_position_desktop=\u00bbdefault\u00bb row_position_tablet=\u00bbinherit\u00bb row_position_phone=\u00bbinherit\u00bb overflow=\u00bbvisible\u00bb overlay_strength=\u00bb0.3&#8243; gradient_direction=\u00bbleft_to_right\u00bb shape_divider_position=\u00bbbottom\u00bb bg_image_animation=\u00bbnone\u00bb][vc_column column_padding=\u00bbno-extra-padding\u00bb column_padding_tablet=\u00bbinherit\u00bb column_padding_phone=\u00bbinherit\u00bb column_padding_position=\u00bball\u00bb flex_gap_desktop=\u00bb10px\u00bb column_element_direction_desktop=\u00bbdefault\u00bb column_element_spacing=\u00bbdefault\u00bb desktop_text_alignment=\u00bbdefault\u00bb tablet_text_alignment=\u00bbdefault\u00bb phone_text_alignment=\u00bbdefault\u00bb background_color_opacity=\u00bb1&#8243; background_hover_color_opacity=\u00bb1&#8243; column_backdrop_filter=\u00bbnone\u00bb column_shadow=\u00bbnone\u00bb column_border_radius=\u00bbnone\u00bb column_link_target=\u00bb_self\u00bb column_position=\u00bbdefault\u00bb gradient_direction=\u00bbleft_to_right\u00bb overlay_strength=\u00bb0.3&#8243; width=\u00bb1\/1&#8243; tablet_width_inherit=\u00bbdefault\u00bb animation_type=\u00bbdefault\u00bb bg_image_animation=\u00bbnone\u00bb border_type=\u00bbsimple\u00bb column_border_width=\u00bbnone\u00bb column_border_style=\u00bbsolid\u00bb][vc_column_text css=\u00bb\u00bb text_direction=\u00bbdefault\u00bb]\n<h2 data-section-id=\"t4qbz\" data-start=\"122\" data-end=\"135\">Aviso legal<\/h2>\n[\/vc_column_text][\/vc_column][\/vc_row][vc_row type=\u00bbin_container\u00bb full_screen_row_position=\u00bbmiddle\u00bb column_margin=\u00bbdefault\u00bb column_direction=\u00bbdefault\u00bb column_direction_tablet=\u00bbdefault\u00bb column_direction_phone=\u00bbdefault\u00bb scene_position=\u00bbcenter\u00bb text_color=\u00bbdark\u00bb text_align=\u00bbleft\u00bb row_border_radius=\u00bbnone\u00bb row_border_radius_applies=\u00bbbg\u00bb row_position_desktop=\u00bbdefault\u00bb row_position_tablet=\u00bbinherit\u00bb row_position_phone=\u00bbinherit\u00bb overflow=\u00bbvisible\u00bb overlay_strength=\u00bb0.3&#8243; gradient_direction=\u00bbleft_to_right\u00bb shape_divider_position=\u00bbbottom\u00bb bg_image_animation=\u00bbnone\u00bb][vc_column column_padding=\u00bbno-extra-padding\u00bb column_padding_tablet=\u00bbinherit\u00bb column_padding_phone=\u00bbinherit\u00bb column_padding_position=\u00bball\u00bb flex_gap_desktop=\u00bb10px\u00bb column_element_direction_desktop=\u00bbdefault\u00bb column_element_spacing=\u00bbdefault\u00bb desktop_text_alignment=\u00bbdefault\u00bb tablet_text_alignment=\u00bbdefault\u00bb phone_text_alignment=\u00bbdefault\u00bb background_color_opacity=\u00bb1&#8243; background_hover_color_opacity=\u00bb1&#8243; column_backdrop_filter=\u00bbnone\u00bb column_shadow=\u00bbnone\u00bb column_border_radius=\u00bbnone\u00bb column_link_target=\u00bb_self\u00bb column_position=\u00bbdefault\u00bb gradient_direction=\u00bbleft_to_right\u00bb overlay_strength=\u00bb0.3&#8243; width=\u00bb1\/1&#8243; tablet_width_inherit=\u00bbdefault\u00bb animation_type=\u00bbdefault\u00bb bg_image_animation=\u00bbnone\u00bb border_type=\u00bbsimple\u00bb column_border_width=\u00bbnone\u00bb column_border_style=\u00bbsolid\u00bb][vc_column_text css=\u00bb\u00bb text_direction=\u00bbdefault\u00bb]\n<h3 data-section-id=\"bb535m\" data-start=\"137\" data-end=\"162\">Datos identificativos<\/h3>\n<p data-start=\"163\" data-end=\"288\">En cumplimiento con el deber de informaci\u00f3n establecido en la normativa vigente, se informa que el presente sitio web es titularidad de:<\/p>\n<ul data-start=\"290\" data-end=\"478\">\n<li data-section-id=\"1deedvz\" data-start=\"290\" data-end=\"325\"><strong data-start=\"292\" data-end=\"304\">Titular:<\/strong> [Nombre o raz\u00f3n social]<\/li>\n<li data-section-id=\"r2h5kn\" data-start=\"326\" data-end=\"351\"><strong data-start=\"328\" data-end=\"340\">NIF\/CIF:<\/strong> [N\u00famero]<\/li>\n<li data-section-id=\"19ir6ae\" data-start=\"352\" data-end=\"394\"><strong data-start=\"354\" data-end=\"374\">Domicilio social:<\/strong> [Direcci\u00f3n completa]<\/li>\n<li data-section-id=\"l6nqov\" data-start=\"395\" data-end=\"441\"><strong data-start=\"397\" data-end=\"419\">Correo electr\u00f3nico:<\/strong> <a href=\"mailto:natruskylespaidelcavall@gmail.com\">natruskylespaidelcavall@gmail.com<\/a><\/li>\n<li data-section-id=\"wfzfg4\" data-start=\"442\" data-end=\"478\"><strong data-start=\"444\" data-end=\"456\">Tel\u00e9fono:<\/strong> <a href=\"tel:+34699932022\">6999 32 0 22<\/a><\/li>\n<\/ul>\n<h3 data-section-id=\"pkl8bp\" data-start=\"480\" data-end=\"499\">Condiciones de uso<\/h3>\n<p data-start=\"500\" data-end=\"788\">El acceso y uso de este sitio web atribuye la condici\u00f3n de usuario e implica la plena aceptaci\u00f3n de las condiciones aqu\u00ed expuestas. El usuario se compromete a hacer un uso adecuado de los contenidos y servicios, ya no utilizarlos para actividades il\u00edcitas o contrarias a la buena fe y al orden p\u00fablico. <\/p>\n<h3 data-section-id=\"14feydv\" data-start=\"790\" data-end=\"830\">Propiedad intelectual e industrial<\/h3>\n<p data-start=\"831\" data-end=\"1153\">Todos los contenidos del sitio web (textos, im\u00e1genes, dise\u00f1o, c\u00f3digo, logotipos, etc.) son titularidad del propietario o disponen de las licencias necesarias y est\u00e1n protegidos por la normativa de propiedad intelectual e industrial. Queda prohibida su reproducci\u00f3n, distribuci\u00f3n o modificaci\u00f3n sin autorizaci\u00f3n expresa. <\/p>\n<h3 data-section-id=\"bpg4tq\" data-start=\"1155\" data-end=\"1174\">Responsabilidad<\/h3>\n<p data-start=\"1175\" data-end=\"1351\">El titular no se hace responsable de los errores u omisiones en los contenidos ni de los da\u00f1os derivados del uso del sitio Web, ni por la actuaci\u00f3n de terceros a trav\u00e9s de enlaces externos.<\/p>\n<h3 data-section-id=\"15cx25w\" data-start=\"1353\" data-end=\"1373\">Enlaces externos<\/h3>\n<p data-start=\"1374\" data-end=\"1542\">Este sitio web puede contener enlaces a sitios web de terceros. El titular no se responsabiliza del contenido ni de las pol\u00edticas de privacidad de estos sitios externos. <\/p>\n<h3 data-section-id=\"ubgut2\" data-start=\"1544\" data-end=\"1566\">Protecci\u00f3n de datos<\/h3>\n<p data-start=\"1567\" data-end=\"1689\">El tratamiento de los datos personales se rige por nuestra Pol\u00edtica de Privacidad, disponible en este mismo sitio web.<\/p>\n<h3 data-section-id=\"1frixrv\" data-start=\"1691\" data-end=\"1715\">Legislaci\u00f3n aplicable<\/h3>\n<p data-start=\"1716\" data-end=\"1918\">Este aviso legal se rige por la legislaci\u00f3n espa\u00f1ola. Para la resoluci\u00f3n de cualquier conflicto que pueda derivarse del acceso al sitio web, las partes se someter\u00e1n a los juzgados y tribunales competentes. <\/p>\n[\/vc_column_text][\/vc_column][\/vc_row]\n","protected":false},"excerpt":{"rendered":"<p>[vc_row type=\u00bbin_container\u00bb full_screen_row_position=\u00bbmiddle\u00bb column_margin=\u00bbdefault\u00bb column_direction=\u00bbdefault\u00bb column_direction_tablet=\u00bbdefault\u00bb column_direction_phone=\u00bbdefault\u00bb scene_position=\u00bbcenter\u00bb text_color=\u00bbdark\u00bb text_align=\u00bbleft\u00bb row_border_radius=\u00bbnone\u00bb row_border_radius_applies=\u00bbbg\u00bb row_position_desktop=\u00bbdefault\u00bb row_position_tablet=\u00bbinherit\u00bb row_position_phone=\u00bbinherit\u00bb overflow=\u00bbvisible\u00bb overlay_strength=\u00bb0.3&#8243; gradient_direction=\u00bbleft_to_right\u00bb shape_divider_position=\u00bbbottom\u00bb bg_image_animation=\u00bbnone\u00bb][vc_column column_padding=\u00bbno-extra-padding\u00bb column_padding_tablet=\u00bbinherit\u00bb column_padding_phone=\u00bbinherit\u00bb column_padding_position=\u00bball\u00bb flex_gap_desktop=\u00bb10px\u00bb column_element_direction_desktop=\u00bbdefault\u00bb column_element_spacing=\u00bbdefault\u00bb desktop_text_alignment=\u00bbdefault\u00bb tablet_text_alignment=\u00bbdefault\u00bb phone_text_alignment=\u00bbdefault\u00bb&#8230;<\/p>\n","protected":false},"author":1,"featured_media":0,"parent":0,"menu_order":0,"comment_status":"closed","ping_status":"closed","template":"","meta":{"footnotes":""},"class_list":["post-719","page","type-page","status-publish"],"_links":{"self":[{"href":"https:\/\/natrusky.cat\/es\/wp-json\/wp\/v2\/pages\/719","targetHints":{"allow":["GET"]}}],"collection":[{"href":"https:\/\/natrusky.cat\/es\/wp-json\/wp\/v2\/pages"}],"about":[{"href":"https:\/\/natrusky.cat\/es\/wp-json\/wp\/v2\/types\/page"}],"author":[{"embeddable":true,"href":"https:\/\/natrusky.cat\/es\/wp-json\/wp\/v2\/users\/1"}],"replies":[{"embeddable":true,"href":"https:\/\/natrusky.cat\/es\/wp-json\/wp\/v2\/comments?post=719"}],"version-history":[{"count":2,"href":"https:\/\/natrusky.cat\/es\/wp-json\/wp\/v2\/pages\/719\/revisions"}],"predecessor-version":[{"id":722,"href":"https:\/\/natrusky.cat\/es\/wp-json\/wp\/v2\/pages\/719\/revisions\/722"}],"wp:attachment":[{"href":"https:\/\/natrusky.cat\/es\/wp-json\/wp\/v2\/media?parent=719"}],"curies":[{"name":"wp","href":"https:\/\/api.w.org\/{rel}","templated":true}]}}