{"id":723,"date":"2026-04-21T10:39:16","date_gmt":"2026-04-21T10:39:16","guid":{"rendered":"https:\/\/natrusky.cat\/cookies\/"},"modified":"2026-04-23T07:52:53","modified_gmt":"2026-04-23T07:52:53","slug":"cookies","status":"publish","type":"page","link":"https:\/\/natrusky.cat\/es\/cookies\/","title":{"rendered":"Cookies"},"content":{"rendered":"[vc_row type=\u00bbin_container\u00bb full_screen_row_position=\u00bbmiddle\u00bb column_margin=\u00bbdefault\u00bb column_direction=\u00bbdefault\u00bb column_direction_tablet=\u00bbdefault\u00bb column_direction_phone=\u00bbdefault\u00bb scene_position=\u00bbcenter\u00bb text_color=\u00bbdark\u00bb text_align=\u00bbleft\u00bb row_border_radius=\u00bbnone\u00bb row_border_radius_applies=\u00bbbg\u00bb row_position_desktop=\u00bbdefault\u00bb row_position_tablet=\u00bbinherit\u00bb row_position_phone=\u00bbinherit\u00bb overflow=\u00bbvisible\u00bb overlay_strength=\u00bb0.3&#8243; gradient_direction=\u00bbleft_to_right\u00bb shape_divider_position=\u00bbbottom\u00bb bg_image_animation=\u00bbnone\u00bb][vc_column column_padding=\u00bbno-extra-padding\u00bb column_padding_tablet=\u00bbinherit\u00bb column_padding_phone=\u00bbinherit\u00bb column_padding_position=\u00bball\u00bb flex_gap_desktop=\u00bb10px\u00bb column_element_direction_desktop=\u00bbdefault\u00bb column_element_spacing=\u00bbdefault\u00bb desktop_text_alignment=\u00bbdefault\u00bb tablet_text_alignment=\u00bbdefault\u00bb phone_text_alignment=\u00bbdefault\u00bb background_color_opacity=\u00bb1&#8243; background_hover_color_opacity=\u00bb1&#8243; column_backdrop_filter=\u00bbnone\u00bb column_shadow=\u00bbnone\u00bb column_border_radius=\u00bbnone\u00bb column_link_target=\u00bb_self\u00bb column_position=\u00bbdefault\u00bb gradient_direction=\u00bbleft_to_right\u00bb overlay_strength=\u00bb0.3&#8243; width=\u00bb1\/1&#8243; tablet_width_inherit=\u00bbdefault\u00bb animation_type=\u00bbdefault\u00bb bg_image_animation=\u00bbnone\u00bb border_type=\u00bbsimple\u00bb column_border_width=\u00bbnone\u00bb column_border_style=\u00bbsolid\u00bb][vc_column_text css=\u00bb\u00bb text_direction=\u00bbdefault\u00bb]\n<h2>Pol\u00edtica de cookies<\/h2>\n[\/vc_column_text][\/vc_column][\/vc_row][vc_row type=\u00bbin_container\u00bb full_screen_row_position=\u00bbmiddle\u00bb column_margin=\u00bbdefault\u00bb column_direction=\u00bbdefault\u00bb column_direction_tablet=\u00bbdefault\u00bb column_direction_phone=\u00bbdefault\u00bb scene_position=\u00bbcenter\u00bb text_color=\u00bbdark\u00bb text_align=\u00bbleft\u00bb row_border_radius=\u00bbnone\u00bb row_border_radius_applies=\u00bbbg\u00bb row_position_desktop=\u00bbdefault\u00bb row_position_tablet=\u00bbinherit\u00bb row_position_phone=\u00bbinherit\u00bb overflow=\u00bbvisible\u00bb overlay_strength=\u00bb0.3&#8243; gradient_direction=\u00bbleft_to_right\u00bb shape_divider_position=\u00bbbottom\u00bb bg_image_animation=\u00bbnone\u00bb][vc_column column_padding=\u00bbno-extra-padding\u00bb column_padding_tablet=\u00bbinherit\u00bb column_padding_phone=\u00bbinherit\u00bb column_padding_position=\u00bball\u00bb flex_gap_desktop=\u00bb10px\u00bb column_element_direction_desktop=\u00bbdefault\u00bb column_element_spacing=\u00bbdefault\u00bb desktop_text_alignment=\u00bbdefault\u00bb tablet_text_alignment=\u00bbdefault\u00bb phone_text_alignment=\u00bbdefault\u00bb background_color_opacity=\u00bb1&#8243; background_hover_color_opacity=\u00bb1&#8243; column_backdrop_filter=\u00bbnone\u00bb column_shadow=\u00bbnone\u00bb column_border_radius=\u00bbnone\u00bb column_link_target=\u00bb_self\u00bb column_position=\u00bbdefault\u00bb gradient_direction=\u00bbleft_to_right\u00bb overlay_strength=\u00bb0.3&#8243; width=\u00bb1\/1&#8243; tablet_width_inherit=\u00bbdefault\u00bb animation_type=\u00bbdefault\u00bb bg_image_animation=\u00bbnone\u00bb border_type=\u00bbsimple\u00bb column_border_width=\u00bbnone\u00bb column_border_style=\u00bbsolid\u00bb][vc_column_text css=\u00bb\u00bb text_direction=\u00bbdefault\u00bb]\n<h3 data-section-id=\"15akxcm\" data-start=\"120\" data-end=\"144\">\u00bfQu\u00e9 son las cookies?<\/h3>\n<p data-start=\"145\" data-end=\"368\">Las cookies son peque\u00f1os archivos de texto que se descargan en el dispositivo del usuario al acceder a determinadas p\u00e1ginas web. Permiten almacenar y recuperar informaci\u00f3n sobre la navegaci\u00f3n realizada desde ese dispositivo. <\/p>\n<h3 data-section-id=\"4gyraj\" data-start=\"370\" data-end=\"402\">Tipo de cookies utilizadas<\/h3>\n<p data-start=\"403\" data-end=\"468\">Este sitio web puede utilizar las siguientes categor\u00edas de cookies:<\/p>\n<ul data-start=\"470\" data-end=\"920\">\n<li data-section-id=\"1g8m0ug\" data-start=\"470\" data-end=\"579\"><strong data-start=\"472\" data-end=\"494\">Cookies t\u00e9cnicas:<\/strong> Necesarias para el correcto funcionamiento del sitio web y para permitir la navegaci\u00f3n.<\/li>\n<li data-section-id=\"1w9svmq\" data-start=\"580\" data-end=\"681\"><strong data-start=\"582\" data-end=\"613\">Cookies de personalizaci\u00f3n:<\/strong> Permiten recordar preferencias del usuario (idioma, regi\u00f3n, etc.).<\/li>\n<li data-section-id=\"1gl2f31\" data-start=\"682\" data-end=\"812\"><strong data-start=\"684\" data-end=\"706\">Cookies de an\u00e1lisis:<\/strong> Permiten cuantificar el n\u00famero de usuarios y analizar el uso del sitio web para mejorar su funcionamiento.<\/li>\n<li data-section-id=\"7xm3ho\" data-start=\"813\" data-end=\"920\"><strong data-start=\"815\" data-end=\"841\">Cookies publicitarias:<\/strong> Utilizadas para gestionar los espacios publicitarios y ofrecer anuncios relevantes.<\/li>\n<\/ul>\n<h3 data-section-id=\"9lbcfo\" data-start=\"922\" data-end=\"944\">Cookies de terceros<\/h3>\n<p data-start=\"945\" data-end=\"1110\">Este sitio web puede utilizar servicios de terceros que recopilan informaci\u00f3n con fines estad\u00edsticos o publicitarios. Entre otros, se pueden utilizar herramientas como: <\/p>\n<ul data-start=\"1112\" data-end=\"1195\">\n<li data-section-id=\"15bg0k5\" data-start=\"1112\" data-end=\"1153\"><span class=\"hover:entity-accent entity-underline inline cursor-pointer align-baseline\"><span class=\"whitespace-normal\">Google Analytics<\/span><\/span><\/li>\n<li data-section-id=\"17wgcs5\" data-start=\"1154\" data-end=\"1195\"><span class=\"hover:entity-accent entity-underline inline cursor-pointer align-baseline\"><span class=\"whitespace-normal\">Google Ads<\/span><\/span><\/li>\n<\/ul>\n<p data-start=\"1197\" data-end=\"1273\">Estos terceros pueden utilizar cookies propias para ofrecerle sus servicios.<\/p>\n<h3 data-section-id=\"i73tnz\" data-start=\"1275\" data-end=\"1296\">Gesti\u00f3n de cookies<\/h3>\n<p data-start=\"1297\" data-end=\"1509\">El usuario puede permitir, bloquear o eliminar las cookies instaladas en su dispositivo mediante la configuraci\u00f3n del navegador. A continuaci\u00f3n, se indican enlaces a la configuraci\u00f3n de los navegadores m\u00e1s habituales: <\/p>\n<ul data-start=\"1511\" data-end=\"1678\">\n<li data-section-id=\"1gcjogl\" data-start=\"1511\" data-end=\"1552\"><span class=\"hover:entity-accent entity-underline inline cursor-pointer align-baseline\"><span class=\"whitespace-normal\">Google Chrome<\/span><\/span><\/li>\n<li data-section-id=\"cgv1px\" data-start=\"1553\" data-end=\"1594\"><span class=\"hover:entity-accent entity-underline inline cursor-pointer align-baseline\"><span class=\"whitespace-normal\">Mozilla Firefox<\/span><\/span><\/li>\n<li data-section-id=\"eyrt5h\" data-start=\"1595\" data-end=\"1636\"><span class=\"hover:entity-accent entity-underline inline cursor-pointer align-baseline\"><span class=\"whitespace-normal\">Safari<\/span><\/span><\/li>\n<li data-section-id=\"hjs5dh\" data-start=\"1637\" data-end=\"1678\"><span class=\"hover:entity-accent entity-underline inline cursor-pointer align-baseline\"><span class=\"whitespace-normal\">Microsoft Edge<\/span><\/span><\/li>\n<\/ul>\n<h3 data-section-id=\"1snybl1\" data-start=\"1680\" data-end=\"1720\">Aceptaci\u00f3n de la pol\u00edtica de cookies<\/h3>\n<p data-start=\"1721\" data-end=\"1893\">Al acceder a este sitio web por primera vez, se mostrar\u00e1 un aviso o banner de cookies que permitir\u00e1 al usuario aceptarlas o configurarlas seg\u00fan sus preferencias.<\/p>\n<h3 data-section-id=\"1kwgwfw\" data-start=\"1895\" data-end=\"1912\">Modificaciones<\/h3>\n<p data-start=\"1913\" data-end=\"2073\">El titular se reserva el derecho a modificar esta Pol\u00edtica de cookies para adaptarla a novedades legislativas o t\u00e9cnicas. Se recomienda revisarla peri\u00f3dicamente.<\/p>\n<h3 data-section-id=\"1x1oo4j\" data-start=\"2075\" data-end=\"2087\">Contacto<\/h3>\n<p data-start=\"2088\" data-end=\"2188\">Para cualquier duda sobre esta Pol\u00edtica de cookies, puedes contactar con nosotros a trav\u00e9s de:<\/p>\n<ul data-start=\"2189\" data-end=\"2224\">\n<li data-section-id=\"1pr1gwm\" data-start=\"2189\" data-end=\"2224\">Correo electr\u00f3nico:<a href=\"mailto:natruskylespaidelcavall@gmail.com\"> natruskylespaidelcavall@gmail.com<\/a><\/li>\n<\/ul>\n[\/vc_column_text][\/vc_column][\/vc_row]\n","protected":false},"excerpt":{"rendered":"<p>[vc_row type=\u00bbin_container\u00bb full_screen_row_position=\u00bbmiddle\u00bb column_margin=\u00bbdefault\u00bb column_direction=\u00bbdefault\u00bb column_direction_tablet=\u00bbdefault\u00bb column_direction_phone=\u00bbdefault\u00bb scene_position=\u00bbcenter\u00bb text_color=\u00bbdark\u00bb text_align=\u00bbleft\u00bb row_border_radius=\u00bbnone\u00bb row_border_radius_applies=\u00bbbg\u00bb row_position_desktop=\u00bbdefault\u00bb row_position_tablet=\u00bbinherit\u00bb row_position_phone=\u00bbinherit\u00bb overflow=\u00bbvisible\u00bb overlay_strength=\u00bb0.3&#8243; gradient_direction=\u00bbleft_to_right\u00bb shape_divider_position=\u00bbbottom\u00bb bg_image_animation=\u00bbnone\u00bb][vc_column column_padding=\u00bbno-extra-padding\u00bb column_padding_tablet=\u00bbinherit\u00bb column_padding_phone=\u00bbinherit\u00bb column_padding_position=\u00bball\u00bb flex_gap_desktop=\u00bb10px\u00bb column_element_direction_desktop=\u00bbdefault\u00bb column_element_spacing=\u00bbdefault\u00bb desktop_text_alignment=\u00bbdefault\u00bb tablet_text_alignment=\u00bbdefault\u00bb phone_text_alignment=\u00bbdefault\u00bb&#8230;<\/p>\n","protected":false},"author":1,"featured_media":0,"parent":0,"menu_order":0,"comment_status":"closed","ping_status":"closed","template":"","meta":{"footnotes":""},"class_list":["post-723","page","type-page","status-publish"],"_links":{"self":[{"href":"https:\/\/natrusky.cat\/es\/wp-json\/wp\/v2\/pages\/723","targetHints":{"allow":["GET"]}}],"collection":[{"href":"https:\/\/natrusky.cat\/es\/wp-json\/wp\/v2\/pages"}],"about":[{"href":"https:\/\/natrusky.cat\/es\/wp-json\/wp\/v2\/types\/page"}],"author":[{"embeddable":true,"href":"https:\/\/natrusky.cat\/es\/wp-json\/wp\/v2\/users\/1"}],"replies":[{"embeddable":true,"href":"https:\/\/natrusky.cat\/es\/wp-json\/wp\/v2\/comments?post=723"}],"version-history":[{"count":2,"href":"https:\/\/natrusky.cat\/es\/wp-json\/wp\/v2\/pages\/723\/revisions"}],"predecessor-version":[{"id":726,"href":"https:\/\/natrusky.cat\/es\/wp-json\/wp\/v2\/pages\/723\/revisions\/726"}],"wp:attachment":[{"href":"https:\/\/natrusky.cat\/es\/wp-json\/wp\/v2\/media?parent=723"}],"curies":[{"name":"wp","href":"https:\/\/api.w.org\/{rel}","templated":true}]}}